{"id":1762,"date":"2017-12-19T16:57:35","date_gmt":"2017-12-19T15:57:35","guid":{"rendered":"https:\/\/regonik.com\/?page_id=1762"},"modified":"2019-01-10T12:48:51","modified_gmt":"2019-01-10T11:48:51","slug":"kariera","status":"publish","type":"page","link":"https:\/\/regonik.com\/sk\/kariera\/","title":{"rendered":"Kari\u00e9ra"},"content":{"rendered":"<div id=\"pl-1762\"  class=\"panel-layout\" ><div id=\"pg-1762-0\"  class=\"panel-grid panel-has-style\" ><div class=\"siteorigin-panels-stretch panel-row-style panel-row-style-for-1762-0\" data-stretch-type=\"full\" ><div id=\"pgc-1762-0-0\"  class=\"panel-grid-cell panel-grid-cell-empty\" ><\/div><div id=\"pgc-1762-0-1\"  class=\"panel-grid-cell panel-grid-cell-mobile-last\" ><div id=\"panel-1762-0-1-0\" class=\"so-panel widget widget_black-studio-tinymce widget_black_studio_tinymce panel-first-child panel-last-child\" data-index=\"0\" ><div class=\"textwidget\"><h1 style=\"text-align: center;\">Kari\u00e9ra<\/h1>\n<p style=\"text-align: center;\">\u00a0<\/p>\n<\/div><\/div><\/div><div id=\"pgc-1762-0-2\"  class=\"panel-grid-cell panel-grid-cell-empty\" ><\/div><\/div><\/div><div id=\"pg-1762-1\"  class=\"panel-grid panel-has-style\" ><div style=\"padding-bottom: 100px; \" class=\"panel-row-style panel-row-style-for-1762-1\" ><div id=\"pgc-1762-1-0\"  class=\"panel-grid-cell\" ><div id=\"panel-1762-1-0-0\" class=\"so-panel widget widget_sow-editor panel-first-child panel-last-child\" data-index=\"1\" ><div\n\t\t\t\n\t\t\tclass=\"so-widget-sow-editor so-widget-sow-editor-base\"\n\t\t\t\n\t\t>\n<div class=\"siteorigin-widget-tinymce textwidget\">\n\t<p style=\"text-align: center;\">V pr\u00edpade, \u017ee ste presved\u010den\u00fd \u017ee STE n\u00e1\u0161 \u010dlovek, za\u0161lite svoj \u017divotopis spolu so S\u00fahlasom na spracovanie osobn\u00fdch \u00fadajov na adresu <script type=\"text\/javascript\"><!--\r\n\t\tvar a,b,c,d,e;a='<a class=\"email\" href=\"mai';b = 'kariera';c = '?subject=email z www.regonik.sk\\\">';a+= 'lto:';b+= '@';e = '<\\\/a>';b+= 'regonik.sk';document.write(a+b+c+b+e);\r\n\t\t--><\/script><\/p>\n<\/div>\n<\/div><\/div><\/div><\/div><\/div><\/div>","protected":false},"excerpt":{"rendered":"<p>Kari\u00e9ra\u00a0 V pr\u00edpade, \u017ee ste presved\u010den\u00fd \u017ee STE n\u00e1\u0161 \u010dlovek, za\u0161lite svoj \u017divotopis spolu so S\u00fahlasom na spracovanie osobn\u00fdch \u00fadajov na adresu<\/p>\n","protected":false},"author":1,"featured_media":0,"parent":0,"menu_order":40,"comment_status":"closed","ping_status":"closed","template":"","meta":{"footnotes":""},"class_list":["post-1762","page","type-page","status-publish","hentry"],"yoast_head":"<!-- This site is optimized with the Yoast SEO plugin v25.8 - https:\/\/yoast.com\/wordpress\/plugins\/seo\/ -->\n<title>Kari\u00e9ra - REGONIK - Rail systems solutions<\/title>\n<meta name=\"robots\" content=\"index, follow, max-snippet:-1, max-image-preview:large, max-video-preview:-1\" \/>\n<link rel=\"canonical\" href=\"https:\/\/regonik.com\/career\/\" \/>\n<meta property=\"og:locale\" content=\"sk_SK\" \/>\n<meta property=\"og:type\" content=\"article\" \/>\n<meta property=\"og:title\" content=\"Kari\u00e9ra - REGONIK - Rail systems solutions\" \/>\n<meta property=\"og:description\" content=\"Kari\u00e9ra\u00a0 V pr\u00edpade, \u017ee ste presved\u010den\u00fd \u017ee STE n\u00e1\u0161 \u010dlovek, za\u0161lite svoj \u017divotopis spolu so S\u00fahlasom na spracovanie osobn\u00fdch \u00fadajov na adresu\" \/>\n<meta property=\"og:url\" content=\"https:\/\/regonik.com\/career\/\" \/>\n<meta property=\"og:site_name\" content=\"REGONIK - Rail systems solutions\" \/>\n<meta property=\"article:modified_time\" content=\"2019-01-10T11:48:51+00:00\" \/>\n<meta name=\"twitter:card\" content=\"summary_large_image\" \/>\n<script type=\"application\/ld+json\" class=\"yoast-schema-graph\">{\"@context\":\"https:\/\/schema.org\",\"@graph\":[{\"@type\":\"WebPage\",\"@id\":\"https:\/\/regonik.com\/career\/\",\"url\":\"https:\/\/regonik.com\/career\/\",\"name\":\"Kari\u00e9ra - REGONIK - Rail systems solutions\",\"isPartOf\":{\"@id\":\"https:\/\/regonik.com\/#website\"},\"datePublished\":\"2017-12-19T15:57:35+00:00\",\"dateModified\":\"2019-01-10T11:48:51+00:00\",\"breadcrumb\":{\"@id\":\"https:\/\/regonik.com\/career\/#breadcrumb\"},\"inLanguage\":\"sk-SK\",\"potentialAction\":[{\"@type\":\"ReadAction\",\"target\":[\"https:\/\/regonik.com\/career\/\"]}]},{\"@type\":\"BreadcrumbList\",\"@id\":\"https:\/\/regonik.com\/career\/#breadcrumb\",\"itemListElement\":[{\"@type\":\"ListItem\",\"position\":1,\"name\":\"Domovsk\u00e1 str\u00e1nka\",\"item\":\"https:\/\/regonik.com\/sk\/\"},{\"@type\":\"ListItem\",\"position\":2,\"name\":\"Kari\u00e9ra\"}]},{\"@type\":\"WebSite\",\"@id\":\"https:\/\/regonik.com\/#website\",\"url\":\"https:\/\/regonik.com\/\",\"name\":\"REGONIK - Rail systems solutions\",\"description\":\"\u017delezni\u010dn\u00e1 elektronika\",\"potentialAction\":[{\"@type\":\"SearchAction\",\"target\":{\"@type\":\"EntryPoint\",\"urlTemplate\":\"https:\/\/regonik.com\/?s={search_term_string}\"},\"query-input\":{\"@type\":\"PropertyValueSpecification\",\"valueRequired\":true,\"valueName\":\"search_term_string\"}}],\"inLanguage\":\"sk-SK\"}]}<\/script>\n<!-- \/ Yoast SEO plugin. -->","yoast_head_json":{"title":"Kari\u00e9ra - REGONIK - Rail systems solutions","robots":{"index":"index","follow":"follow","max-snippet":"max-snippet:-1","max-image-preview":"max-image-preview:large","max-video-preview":"max-video-preview:-1"},"canonical":"https:\/\/regonik.com\/career\/","og_locale":"sk_SK","og_type":"article","og_title":"Kari\u00e9ra - REGONIK - Rail systems solutions","og_description":"Kari\u00e9ra\u00a0 V pr\u00edpade, \u017ee ste presved\u010den\u00fd \u017ee STE n\u00e1\u0161 \u010dlovek, za\u0161lite svoj \u017divotopis spolu so S\u00fahlasom na spracovanie osobn\u00fdch \u00fadajov na adresu","og_url":"https:\/\/regonik.com\/career\/","og_site_name":"REGONIK - Rail systems solutions","article_modified_time":"2019-01-10T11:48:51+00:00","twitter_card":"summary_large_image","schema":{"@context":"https:\/\/schema.org","@graph":[{"@type":"WebPage","@id":"https:\/\/regonik.com\/career\/","url":"https:\/\/regonik.com\/career\/","name":"Kari\u00e9ra - REGONIK - Rail systems solutions","isPartOf":{"@id":"https:\/\/regonik.com\/#website"},"datePublished":"2017-12-19T15:57:35+00:00","dateModified":"2019-01-10T11:48:51+00:00","breadcrumb":{"@id":"https:\/\/regonik.com\/career\/#breadcrumb"},"inLanguage":"sk-SK","potentialAction":[{"@type":"ReadAction","target":["https:\/\/regonik.com\/career\/"]}]},{"@type":"BreadcrumbList","@id":"https:\/\/regonik.com\/career\/#breadcrumb","itemListElement":[{"@type":"ListItem","position":1,"name":"Domovsk\u00e1 str\u00e1nka","item":"https:\/\/regonik.com\/sk\/"},{"@type":"ListItem","position":2,"name":"Kari\u00e9ra"}]},{"@type":"WebSite","@id":"https:\/\/regonik.com\/#website","url":"https:\/\/regonik.com\/","name":"REGONIK - Rail systems solutions","description":"\u017delezni\u010dn\u00e1 elektronika","potentialAction":[{"@type":"SearchAction","target":{"@type":"EntryPoint","urlTemplate":"https:\/\/regonik.com\/?s={search_term_string}"},"query-input":{"@type":"PropertyValueSpecification","valueRequired":true,"valueName":"search_term_string"}}],"inLanguage":"sk-SK"}]}},"_links":{"self":[{"href":"https:\/\/regonik.com\/sk\/wp-json\/wp\/v2\/pages\/1762","targetHints":{"allow":["GET"]}}],"collection":[{"href":"https:\/\/regonik.com\/sk\/wp-json\/wp\/v2\/pages"}],"about":[{"href":"https:\/\/regonik.com\/sk\/wp-json\/wp\/v2\/types\/page"}],"author":[{"embeddable":true,"href":"https:\/\/regonik.com\/sk\/wp-json\/wp\/v2\/users\/1"}],"replies":[{"embeddable":true,"href":"https:\/\/regonik.com\/sk\/wp-json\/wp\/v2\/comments?post=1762"}],"version-history":[{"count":7,"href":"https:\/\/regonik.com\/sk\/wp-json\/wp\/v2\/pages\/1762\/revisions"}],"predecessor-version":[{"id":2709,"href":"https:\/\/regonik.com\/sk\/wp-json\/wp\/v2\/pages\/1762\/revisions\/2709"}],"wp:attachment":[{"href":"https:\/\/regonik.com\/sk\/wp-json\/wp\/v2\/media?parent=1762"}],"curies":[{"name":"wp","href":"https:\/\/api.w.org\/{rel}","templated":true}]}}